{"id":774,"date":"2024-04-08T01:09:20","date_gmt":"2024-04-07T23:09:20","guid":{"rendered":"https:\/\/www.waldwunderbern.ch\/?page_id=774"},"modified":"2026-02-08T23:08:20","modified_gmt":"2026-02-08T22:08:20","slug":"kontakt-anmeldung","status":"publish","type":"page","link":"https:\/\/www.waldwunderbern.ch\/?page_id=774","title":{"rendered":"Kontakt"},"content":{"rendered":"\n<p class=\"has-black-color has-text-color has-link-color wp-elements-592130059fa38b2c0b582f3a7a04f078\" style=\"font-size:24px\">M\u00f6chtest du dich f\u00fcrs <a href=\"https:\/\/www.waldwunderbern.ch\/?page_id=1221\" data-type=\"page\" data-id=\"1221\">Pflanzenwunder<\/a> w\u00e4hrend den Fr\u00fchlingsferien, die <a href=\"https:\/\/www.waldwunderbern.ch\/?page_id=84\" data-type=\"page\" data-id=\"84\">M\u00e4dchengruppe Achillea<\/a> (Start im April), die <a href=\"https:\/\/www.waldwunderbern.ch\/?page_id=85\" data-type=\"page\" data-id=\"85\">Naturentdeckungstage<\/a> w\u00e4hrend den Sommerferien oder f\u00fcr <a href=\"https:\/\/www.waldwunderbern.ch\/?page_id=1019\" data-type=\"page\" data-id=\"1019\">Auf den Spuren der Tiere<\/a> w\u00e4hrend den Herbstferien anmelden? <br>Oder hast du sonst eine Frage an uns?<\/p>\n\n\n\n<p class=\"has-black-color has-text-color has-link-color wp-elements-f4349cc9d2778baf14f8184e221e09ea\" style=\"font-size:24px\">Dann kontaktiere uns \u00fcber waldwunderbern@gmail.com<br>oder direkt \u00fcber das Kontaktformular:<\/p>\n\n\n\n<h2 class=\"wp-block-heading\" style=\"font-size:30px\">Anmeldung und Kontakt<\/h2>\n\n\n<div class=\"wpforms-container wpforms-container-full wpforms-render-modern\" id=\"wpforms-1104\"><form id=\"wpforms-form-1104\" class=\"wpforms-validate wpforms-form wpforms-ajax-form\" data-formid=\"1104\" method=\"post\" enctype=\"multipart\/form-data\" action=\"\/index.php?rest_route=%2Fwp%2Fv2%2Fpages%2F774\" data-token=\"cc4c8ed2c48dd95984bee67090090f41\" data-token-time=\"1776867791\"><noscript class=\"wpforms-error-noscript\">Bitte aktivieren Sie JavaScript in Ihrem Browser, um dieses Formular fertigzustellen.<\/noscript><div class=\"wpforms-hidden\" id=\"wpforms-error-noscript\">Bitte aktivieren Sie JavaScript in Ihrem Browser, um dieses Formular fertigzustellen.<\/div><div class=\"wpforms-field-container\"><div id=\"wpforms-1104-field_1-container\" class=\"wpforms-field wpforms-field-name\" data-field-id=\"1\"><fieldset><legend class=\"wpforms-field-label\">Name <span class=\"wpforms-required-label\" aria-hidden=\"true\">*<\/span><\/legend><div class=\"wpforms-field-row wpforms-field-medium\"><div class=\"wpforms-field-row-block wpforms-first wpforms-one-half\"><input type=\"text\" id=\"wpforms-1104-field_1\" class=\"wpforms-field-name-first wpforms-field-required\" name=\"wpforms[fields][1][first]\" aria-errormessage=\"wpforms-1104-field_1-error\" required><label for=\"wpforms-1104-field_1\" class=\"wpforms-field-sublabel after\">Vorname<\/label><\/div><div class=\"wpforms-field-row-block wpforms-one-half\"><input type=\"text\" id=\"wpforms-1104-field_1-last\" class=\"wpforms-field-name-last wpforms-field-required\" name=\"wpforms[fields][1][last]\" aria-errormessage=\"wpforms-1104-field_1-last-error\" required><label for=\"wpforms-1104-field_1-last\" class=\"wpforms-field-sublabel after\">Nachname<\/label><\/div><\/div><\/fieldset><\/div><div id=\"wpforms-1104-field_2-container\" class=\"wpforms-field wpforms-field-email\" data-field-id=\"2\"><label class=\"wpforms-field-label\" for=\"wpforms-1104-field_2\">E-Mail <span class=\"wpforms-required-label\" aria-hidden=\"true\">*<\/span><\/label><input type=\"email\" id=\"wpforms-1104-field_2\" class=\"wpforms-field-medium wpforms-field-required\" name=\"wpforms[fields][2]\" spellcheck=\"false\" aria-errormessage=\"wpforms-1104-field_2-error\" required><\/div><div id=\"wpforms-1104-field_3-container\" class=\"wpforms-field wpforms-field-textarea\" data-field-id=\"3\"><label class=\"wpforms-field-label\" for=\"wpforms-1104-field_3\">Nachricht<\/label><textarea id=\"wpforms-1104-field_3\" class=\"wpforms-field-medium\" name=\"wpforms[fields][3]\" aria-errormessage=\"wpforms-1104-field_3-error\" ><\/textarea><\/div><\/div><!-- .wpforms-field-container --><div class=\"wpforms-submit-container\" ><input type=\"hidden\" name=\"wpforms[id]\" value=\"1104\"><input type=\"hidden\" name=\"page_title\" value=\"\"><input type=\"hidden\" name=\"page_url\" value=\"https:\/\/www.waldwunderbern.ch\/index.php?rest_route=\/wp\/v2\/pages\/774\"><input type=\"hidden\" name=\"url_referer\" value=\"\"><button type=\"submit\" name=\"wpforms[submit]\" id=\"wpforms-submit-1104\" class=\"wpforms-submit\" data-alt-text=\"Senden\u2026\" data-submit-text=\"Absenden\" aria-live=\"assertive\" value=\"wpforms-submit\">Absenden<\/button><img loading=\"lazy\" src=\"https:\/\/www.waldwunderbern.ch\/wp-content\/plugins\/wpforms-lite\/assets\/images\/submit-spin.svg\" class=\"wpforms-submit-spinner\" style=\"display: none;\" width=\"26\" height=\"26\" alt=\"Wird geladen\"><\/div><\/form><\/div>  <!-- .wpforms-container -->\n\n\n\n<p class=\"has-black-color has-text-color has-link-color wp-elements-b6ddadbfcb845beb19903891bf731d5a\" style=\"font-size:24px\"><\/p>\n\n\n\n<p class=\"has-black-color has-text-color has-link-color wp-elements-035afd7348e60c79951c89ac47874a6a\" style=\"font-size:24px\">Wir werden uns baldm\u00f6glichst bei dir melden.<br><\/p>\n","protected":false},"excerpt":{"rendered":"<p>M\u00f6chtest du dich f\u00fcrs Pflanzenwunder w\u00e4hrend den Fr\u00fchlingsferien, die M\u00e4dchengruppe Achillea (Start im April), die Naturentdeckungstage w\u00e4hrend den Sommerferien oder &hellip; <a href=\"https:\/\/www.waldwunderbern.ch\/?page_id=774\" class=\"more-link\"><span class=\"more-button\">Continue Reading<span class=\"screen-reader-text\">Kontakt<\/span><\/span><\/a><\/p>\n","protected":false},"author":1,"featured_media":0,"parent":0,"menu_order":0,"comment_status":"closed","ping_status":"closed","template":"","meta":{"footnotes":""},"class_list":["post-774","page","type-page","status-publish","hentry"],"_links":{"self":[{"href":"https:\/\/www.waldwunderbern.ch\/index.php?rest_route=\/wp\/v2\/pages\/774","targetHints":{"allow":["GET"]}}],"collection":[{"href":"https:\/\/www.waldwunderbern.ch\/index.php?rest_route=\/wp\/v2\/pages"}],"about":[{"href":"https:\/\/www.waldwunderbern.ch\/index.php?rest_route=\/wp\/v2\/types\/page"}],"author":[{"embeddable":true,"href":"https:\/\/www.waldwunderbern.ch\/index.php?rest_route=\/wp\/v2\/users\/1"}],"replies":[{"embeddable":true,"href":"https:\/\/www.waldwunderbern.ch\/index.php?rest_route=%2Fwp%2Fv2%2Fcomments&post=774"}],"version-history":[{"count":14,"href":"https:\/\/www.waldwunderbern.ch\/index.php?rest_route=\/wp\/v2\/pages\/774\/revisions"}],"predecessor-version":[{"id":1311,"href":"https:\/\/www.waldwunderbern.ch\/index.php?rest_route=\/wp\/v2\/pages\/774\/revisions\/1311"}],"wp:attachment":[{"href":"https:\/\/www.waldwunderbern.ch\/index.php?rest_route=%2Fwp%2Fv2%2Fmedia&parent=774"}],"curies":[{"name":"wp","href":"https:\/\/api.w.org\/{rel}","templated":true}]}}