{"id":57,"date":"2024-03-09T15:25:38","date_gmt":"2024-03-09T14:25:38","guid":{"rendered":"http:\/\/localhost\/?page_id=57"},"modified":"2026-02-08T23:10:38","modified_gmt":"2026-02-08T22:10:38","slug":"team","status":"publish","type":"page","link":"https:\/\/www.waldwunderbern.ch\/?page_id=57","title":{"rendered":"Team"},"content":{"rendered":"\n<div class=\"wp-block-columns is-layout-flex wp-container-core-columns-is-layout-9d6595d7 wp-block-columns-is-layout-flex\">\n<div class=\"wp-block-column is-layout-flow wp-block-column-is-layout-flow\" style=\"flex-basis:100%\">\n<h2 class=\"wp-block-heading\" style=\"font-size:25px\">das WaldwunderTeam stellt sich vor<\/h2>\n\n\n\n<p class=\"has-black-color has-text-color has-link-color wp-elements-396fc601038b8b4a783e839b9cba2d2b\" style=\"font-size:24px\">Wir sind naturbegeisterte und abenteuerlustige Menschen. Die Arbeit mit Kindern und Jugendliche, sowie auch mit erwachsenen Menschen begleitet uns in unseren unterschiedlichen beruflichen T\u00e4tigkeiten in der Sozialen Arbeit, als Lehrpersonen, in der Landwirtschaft und in Theaterprojekten. Die vielen Erlebnisse in der Natur haben uns alle pers\u00f6nlich gest\u00e4rkt. Gerne m\u00f6chten wir diese Erfahrungen und Freude an Kinder und Jugendliche weitergeben.<\/p>\n<\/div>\n\n\n\n<div class=\"wp-block-column is-layout-flow wp-block-column-is-layout-flow\" style=\"flex-basis:5%\"><\/div>\n<\/div>\n\n\n\n<div class=\"wp-block-group\"><div class=\"wp-block-group__inner-container is-layout-constrained wp-block-group-is-layout-constrained\">\n<div class=\"wp-block-columns is-layout-flex wp-container-core-columns-is-layout-9d6595d7 wp-block-columns-is-layout-flex\">\n<div class=\"wp-block-column is-layout-flow wp-block-column-is-layout-flow\" style=\"flex-basis:100%\">\n\t<!-- wpshopmart team builder design 1 wrapper -->\r\n\t<div class=\"wpsm_team_1_b_row\" id=\"wpsm_team_1_b_row_600\">\r\n\t\t<div class=\"wpsm_row\">  \r\n\t\t\t<style>\r\n\t\t\t#wpsm_team_1_b_row_600 .wpsm_team_1_member_wrapper_inner h3{\r\n\t\t\t\tcolor:#1d8714 !important;\r\n\t\t\t\tfont-size:28px !important;\r\n\t\t\t\t\t\t\t\t  font-family:'Open Sans';\r\n\t\t\t\t\t\t\t\t\r\n\t\t\t}\r\n\t\t\t#wpsm_team_1_b_row_600 .wpsm_team_1_name_divider{\r\n\t\t\t\tbackground-color:#1d8714 !important;\r\n\t\t\t}\r\n\t\t\t#wpsm_team_1_b_row_600 .wpsm_team_1_b_desig{\r\n\t\t\t\tcolor:#622a14 !important;\r\n\t\t\t\tfont-size:25px !important;\r\n\t\t\t\t\t\t\t\t   font-family:'Open Sans';\r\n\t\t\t\t\t\t\t}\r\n\t\t\t#wpsm_team_1_b_row_600 .wpsm_team_1_b_desc{\r\n\t\t\t\tcolor:#000000 !important;\r\n\t\t\t\tfont-size:22px !important;\r\n\t\t\t\t\t\t\t\t   font-family:'Open Sans';\r\n\t\t\t\t\t\t\t}\r\n\t\t\t#wpsm_team_1_b_row_600  p{\r\n\t\t\t\tcolor:#000000 !important;\r\n\t\t\t\tfont-size:22px !important;\r\n\t\t\t    \t\t\t\t   font-family:'Open Sans';\r\n\t\t\t\t\t\t\t\t\r\n\t\t\t}\r\n\t\t\t\r\n\t\t\t#wpsm_team_1_b_row_600 .wpsm_team_1_social_div a i{\r\n\t\t\t\tcolor: !important;\r\n\t\t\t\tbackground: !important;\r\n\t\t\t}\r\n\t\t\t\t\t\t\r\n\t\t\t<\/style>\r\n\t\t\t\t\t\t \r\n\t\t\t\t\t<div class=\"wpsm_col-md-4 wpsm_col-sm-6 wpsm-col-div wpsm_single_team\">\r\n\t\t\t\t\t\t<div class=\"wpsm_team_1_member_wrapper\">\r\n\t\t\t\t\t\t\t<img class=\"img-responsive wpsm_team_1_mem_img\" src=\"https:\/\/www.waldwunderbern.ch\/wp-content\/uploads\/2024\/04\/leonie.jpg\" alt=\"Leonie Ammann\">\r\n\t\t\t\t\t\t\t<div class=\"wpsm_team_1_member_wrapper_inner\">\r\n\t\t\t\t\t\t\t\t<h3>\r\n\t\t\t\t\t\t\t\t\tLeonie Ammann\t\t\t\t\t\t\t\t\t<div class=\"wpsm_team_1_name_divider\"><\/div>\r\n\t\t\t\t\t\t\t\t<\/h3>\r\n\t\t\t\t\t\t\t\t<span class=\"wpsm_team_1_b_desig\"> M\u00e4dchengruppe Achillea &amp; Naturentdeckungstage <\/span> \t\t\t\t\t\t\t\t<p class=\"wpsm_team_1_b_desc\"> Leonie\u2019s Herz schl\u00e4gt f\u00fcr die Arbeit mit Kindern und Jugendlichen in der Natur. Neben ihrer T\u00e4tigkeit als Schulsozialarbeiterin leitet sie Kinderlager. Sie hat einen Bachelor in Sozialer Arbeit und eine Ausbildung in der Natur- und Wildnisp\u00e4dagogik. Leonie kreiert gerne aus Wildkr\u00e4utern aus Wald und Wiese ein leckeres Essen. <\/p> \t\t\t\t\t\t\t\t<div class=\"wpsm_team_1_social_div\">\r\n\t\t\t\t\t\t\t\t\t\t\t\t\t\t\t\t\t\t\t\t\t\t\t\t\t\t\t\t\t\t\t\t\t\t\t\t\t\t\t\t\t\t\t\t<\/div>\r\n\t\t\t\t\t\t\t<\/div>\r\n\t\t\t\t\t\t<\/div>\r\n\t\t\t\t\t<\/div>\r\n\t\t\t\t\t\t\t\t\t\t\t\t\t \r\n\t\t\t\t\t<div class=\"wpsm_col-md-4 wpsm_col-sm-6 wpsm-col-div wpsm_single_team\">\r\n\t\t\t\t\t\t<div class=\"wpsm_team_1_member_wrapper\">\r\n\t\t\t\t\t\t\t<img class=\"img-responsive wpsm_team_1_mem_img\" src=\"https:\/\/www.waldwunderbern.ch\/wp-content\/uploads\/2024\/04\/anna.jpg\" alt=\"Anna Moor\">\r\n\t\t\t\t\t\t\t<div class=\"wpsm_team_1_member_wrapper_inner\">\r\n\t\t\t\t\t\t\t\t<h3>\r\n\t\t\t\t\t\t\t\t\tAnna Moor\t\t\t\t\t\t\t\t\t<div class=\"wpsm_team_1_name_divider\"><\/div>\r\n\t\t\t\t\t\t\t\t<\/h3>\r\n\t\t\t\t\t\t\t\t<span class=\"wpsm_team_1_b_desig\"> Auf den Spuren der Tiere &amp; Pflanzenwunder <\/span> \t\t\t\t\t\t\t\t<p class=\"wpsm_team_1_b_desc\"> Anna bewegt sich gerne im Wald oder zur Musik. Die Bildung im Bereich Lebensmittelproduktion und Naturerfahrungen liegen ihr am Herzen. Wenn sie nicht in der Schule arbeitet, ist sie in Permakulturprojekten, auf Bauernh\u00f6fen oder in Kinderlagern anzutreffen. Im Wald ist sie fasziniert vom Zusammenspiel der einzelnen Lebewesen und freut sich, dies mit anderen Menschen zu teilen.  <\/p> \t\t\t\t\t\t\t\t<div class=\"wpsm_team_1_social_div\">\r\n\t\t\t\t\t\t\t\t\t\t\t\t\t\t\t\t\t\t\t\t\t\t\t\t\t\t\t\t\t\t\t\t\t\t\t\t\t\t\t\t\t\t\t\t<\/div>\r\n\t\t\t\t\t\t\t<\/div>\r\n\t\t\t\t\t\t<\/div>\r\n\t\t\t\t\t<\/div>\r\n\t\t\t\t\t\t\t\t\t\t\t\t\t \r\n\t\t\t\t\t<div class=\"wpsm_col-md-4 wpsm_col-sm-6 wpsm-col-div wpsm_single_team\">\r\n\t\t\t\t\t\t<div class=\"wpsm_team_1_member_wrapper\">\r\n\t\t\t\t\t\t\t<img class=\"img-responsive wpsm_team_1_mem_img\" src=\"https:\/\/www.waldwunderbern.ch\/wp-content\/uploads\/2024\/04\/nico.jpg\" alt=\"Nico Gradenecker\">\r\n\t\t\t\t\t\t\t<div class=\"wpsm_team_1_member_wrapper_inner\">\r\n\t\t\t\t\t\t\t\t<h3>\r\n\t\t\t\t\t\t\t\t\tNico Gradenecker\t\t\t\t\t\t\t\t\t<div class=\"wpsm_team_1_name_divider\"><\/div>\r\n\t\t\t\t\t\t\t\t<\/h3>\r\n\t\t\t\t\t\t\t\t<span class=\"wpsm_team_1_b_desig\"> Naturentdeckungstage <\/span> \t\t\t\t\t\t\t\t<p class=\"wpsm_team_1_b_desc\"> Nico ist ein kleiner Angsthase und f\u00fcrchtet sich vor dem \u00c4lterwerden! Doch gl\u00fccklicherweise hat er bereits das beste Mittel dagegen gefunden. Er ist n\u00e4mlich der Meinung, dass man im Zusammensein mit jungen Menschen selbst ein St\u00fcck weit jung bleibt. Den Austausch mit j\u00fcngeren findet er spannend und so hat er auch in seiner T\u00e4tigkeit als Klassenlehrperson seinen Traumberuf gefunden. Wenn er einmal eine Auszeit vom Alltag braucht, so findet man ihn im Wald zwischen Birken und Tannen. <\/p> \t\t\t\t\t\t\t\t<div class=\"wpsm_team_1_social_div\">\r\n\t\t\t\t\t\t\t\t\t\t\t\t\t\t\t\t\t\t\t\t\t\t\t\t\t\t\t\t\t\t\t\t\t\t\t\t\t\t\t\t\t\t\t\t<\/div>\r\n\t\t\t\t\t\t\t<\/div>\r\n\t\t\t\t\t\t<\/div>\r\n\t\t\t\t\t<\/div>\r\n\t\t\t\t\t\t\t\t\t\t\t<\/div>\r\n\t\t\t\t\t\t<div class=\"wpsm_row\">\r\n\t\t\t\t\t\t\t\t\t\t\t\t\t\t \r\n\t\t\t\t\t<div class=\"wpsm_col-md-4 wpsm_col-sm-6 wpsm-col-div wpsm_single_team\">\r\n\t\t\t\t\t\t<div class=\"wpsm_team_1_member_wrapper\">\r\n\t\t\t\t\t\t\t<img class=\"img-responsive wpsm_team_1_mem_img\" src=\"https:\/\/www.waldwunderbern.ch\/wp-content\/uploads\/2025\/01\/Foto-1-1-e1738153255764.jpg\" alt=\"Salome Ruckstuhl\">\r\n\t\t\t\t\t\t\t<div class=\"wpsm_team_1_member_wrapper_inner\">\r\n\t\t\t\t\t\t\t\t<h3>\r\n\t\t\t\t\t\t\t\t\tSalome Ruckstuhl\t\t\t\t\t\t\t\t\t<div class=\"wpsm_team_1_name_divider\"><\/div>\r\n\t\t\t\t\t\t\t\t<\/h3>\r\n\t\t\t\t\t\t\t\t<span class=\"wpsm_team_1_b_desig\"> M\u00e4dchengruppe Achillea &amp; Naturentdeckungstage <\/span> \t\t\t\t\t\t\t\t<p class=\"wpsm_team_1_b_desc\"> Salome l\u00e4sst sich gerne begeistern... vom singenden Vogel, von tanzenden Feuerfunken, vom unbefangenen Draussen-Sein. In der Naturp\u00e4dagogik integriert sie ihre Leidenschaft f\u00fcr Umwelt und Natur mit ihrer Freude an der Zusammenarbeit mit Kindern. Beruflich engagiert sich Salome im Kinderhospiz in der Pflege, in der Freizeit pflegt sie Pflanzen in einem offenen Garten. Und f\u00fcrs Gleichgewicht \u00fcbt sie regelm\u00e4ssig die Baum-Position im Yoga \u2013 oder melkt eine Geiss. <\/p> \t\t\t\t\t\t\t\t<div class=\"wpsm_team_1_social_div\">\r\n\t\t\t\t\t\t\t\t\t\t\t\t\t\t\t\t\t\t\t\t\t\t\t\t\t\t\t\t\t\t\t\t\t\t\t\t\t\t\t\t\t\t\t\t<\/div>\r\n\t\t\t\t\t\t\t<\/div>\r\n\t\t\t\t\t\t<\/div>\r\n\t\t\t\t\t<\/div>\r\n\t\t\t\t\t\t\t\t\t\t\t\t\t \r\n\t\t\t\t\t<div class=\"wpsm_col-md-4 wpsm_col-sm-6 wpsm-col-div wpsm_single_team\">\r\n\t\t\t\t\t\t<div class=\"wpsm_team_1_member_wrapper\">\r\n\t\t\t\t\t\t\t<img class=\"img-responsive wpsm_team_1_mem_img\" src=\"https:\/\/www.waldwunderbern.ch\/wp-content\/uploads\/2024\/04\/pascal.jpg\" alt=\"Pascal Mirco Cavigelli\">\r\n\t\t\t\t\t\t\t<div class=\"wpsm_team_1_member_wrapper_inner\">\r\n\t\t\t\t\t\t\t\t<h3>\r\n\t\t\t\t\t\t\t\t\tPascal Mirco Cavigelli\t\t\t\t\t\t\t\t\t<div class=\"wpsm_team_1_name_divider\"><\/div>\r\n\t\t\t\t\t\t\t\t<\/h3>\r\n\t\t\t\t\t\t\t\t<span class=\"wpsm_team_1_b_desig\"> Naturentdeckungstage <\/span> \t\t\t\t\t\t\t\t<p class=\"wpsm_team_1_b_desc\"> Pascal ist viel in den Bergen unterwegs. Er mag die Natur und klettert gerne im steilen Gel\u00e4nde herum oder folgt einem pl\u00e4tschernden Bach. Er hat einen Bachelor in Sozialer Arbeit und verf\u00fcgt \u00fcber Erfahrungen in der offenen Kinder- und Jugendarbeit und begleitet seit vier Jahren Jugendliche und junge Erwachsene in einem betreuten Wohnen.  <\/p> \t\t\t\t\t\t\t\t<div class=\"wpsm_team_1_social_div\">\r\n\t\t\t\t\t\t\t\t\t\t\t\t\t\t\t\t\t\t\t\t\t\t\t\t\t\t\t\t\t\t\t\t\t\t\t\t\t\t\t\t\t\t\t\t<\/div>\r\n\t\t\t\t\t\t\t<\/div>\r\n\t\t\t\t\t\t<\/div>\r\n\t\t\t\t\t<\/div>\r\n\t\t\t\t\t\t\t\t\t\t\t\t\t \r\n\t\t\t\t\t<div class=\"wpsm_col-md-4 wpsm_col-sm-6 wpsm-col-div wpsm_single_team\">\r\n\t\t\t\t\t\t<div class=\"wpsm_team_1_member_wrapper\">\r\n\t\t\t\t\t\t\t<img class=\"img-responsive wpsm_team_1_mem_img\" src=\"https:\/\/www.waldwunderbern.ch\/wp-content\/uploads\/2025\/03\/IMG_8975-002.jpg\" alt=\"Cornelia Burn\">\r\n\t\t\t\t\t\t\t<div class=\"wpsm_team_1_member_wrapper_inner\">\r\n\t\t\t\t\t\t\t\t<h3>\r\n\t\t\t\t\t\t\t\t\tCornelia Burn\t\t\t\t\t\t\t\t\t<div class=\"wpsm_team_1_name_divider\"><\/div>\r\n\t\t\t\t\t\t\t\t<\/h3>\r\n\t\t\t\t\t\t\t\t<span class=\"wpsm_team_1_b_desig\"> Auf den Spuren der Tiere <\/span> \t\t\t\t\t\t\t\t<p class=\"wpsm_team_1_b_desc\"> Begeisterung ist ansteckend! Die Begeisterung weitergeben f\u00fcr alles, was es draussen zu entdecken und zu erforschen gibt, ist f\u00fcr Cornelia Wirklichkeit geworden. Ausbildungen in Wildnisp\u00e4dagogik, naturbezogene Umweltbildung und F\u00e4hrtenlesen haben es Cornelia erm\u00f6glicht, ihre Leidenschaft in den Sommermonaten zum Beruf zu machen. Cornelia hat Soziale Arbeit studiert und \u00fcbernimmt in den Wintermonaten Stellvertretungen. <\/p> \t\t\t\t\t\t\t\t<div class=\"wpsm_team_1_social_div\">\r\n\t\t\t\t\t\t\t\t\t\t\t\t\t\t\t\t\t\t\t\t\t\t\t\t\t\t\t\t\t\t\t\t\t\t\t\t\t\t\t\t\t\t\t\t<\/div>\r\n\t\t\t\t\t\t\t<\/div>\r\n\t\t\t\t\t\t<\/div>\r\n\t\t\t\t\t<\/div>\r\n\t\t\t\t\t\t\t\t\t\t\t<\/div>\r\n\t\t\t\t\t\t<div class=\"wpsm_row\">\r\n\t\t\t\t\t\t\t\t\t\t\t\t\t\t \r\n\t\t\t\t\t<div class=\"wpsm_col-md-4 wpsm_col-sm-6 wpsm-col-div wpsm_single_team\">\r\n\t\t\t\t\t\t<div class=\"wpsm_team_1_member_wrapper\">\r\n\t\t\t\t\t\t\t<img class=\"img-responsive wpsm_team_1_mem_img\" src=\"https:\/\/www.waldwunderbern.ch\/wp-content\/uploads\/2025\/01\/Gemma-Portrait1.jpg\" alt=\"Gemma Hauser\">\r\n\t\t\t\t\t\t\t<div class=\"wpsm_team_1_member_wrapper_inner\">\r\n\t\t\t\t\t\t\t\t<h3>\r\n\t\t\t\t\t\t\t\t\tGemma Hauser\t\t\t\t\t\t\t\t\t<div class=\"wpsm_team_1_name_divider\"><\/div>\r\n\t\t\t\t\t\t\t\t<\/h3>\r\n\t\t\t\t\t\t\t\t<span class=\"wpsm_team_1_b_desig\"> M\u00e4dchengruppe Achillea &amp; Pflanzenwunder <\/span> \t\t\t\t\t\t\t\t<p class=\"wpsm_team_1_b_desc\"> Gemma liebt es durch den Wald zu streunen oder einfach in der Wiese zu liegen. Diese Liebe und Verbundenheit zur Natur teilt sie gerne mit Kindern und Jugendlichen in verschiedenen Outdoor-Ferienangeboten. Denn: \u201eNur was man kennt und liebt, kann man auch sch\u00fctzen.\u201c Gemma hat Soziale Arbeit studiert und ist Natur- und Wildnisp\u00e4dagogin. Daneben ist sie Mitglied in einer Theatercompagnie und arbeitet im Museum Schloss Bugdorf als kulturelle Vermittlerin. <\/p> \t\t\t\t\t\t\t\t<div class=\"wpsm_team_1_social_div\">\r\n\t\t\t\t\t\t\t\t\t\t\t\t\t\t\t\t\t\t\t\t\t\t\t\t\t\t\t\t\t\t\t\t\t\t\t\t\t\t\t\t\t\t\t\t<\/div>\r\n\t\t\t\t\t\t\t<\/div>\r\n\t\t\t\t\t\t<\/div>\r\n\t\t\t\t\t<\/div>\r\n\t\t\t\t\t\t\t\t\t\t\t\t\r\n\t\t<\/div>\r\n\t<\/div>\n<\/div>\n<\/div>\n<\/div><\/div>\n\n\n\n<h2 class=\"wp-block-heading\" style=\"font-size:25px\">Erfahre mehr \u00fcber unsere Angebote:<\/h2>\n\n\n\n<p style=\"font-size:24px\"><a href=\"https:\/\/www.waldwunderbern.ch\/?page_id=1019\" data-type=\"page\" data-id=\"1019\">Auf den Spuren der Tiere<\/a><br><a href=\"https:\/\/www.waldwunderbern.ch\/?page_id=84\" data-type=\"page\" data-id=\"84\">M\u00e4dchengruppe Achillea<\/a><br><a href=\"https:\/\/www.waldwunderbern.ch\/?page_id=85\" data-type=\"page\" data-id=\"85\">Naturentdeckungstage<\/a><br><a href=\"https:\/\/www.waldwunderbern.ch\/?page_id=1221\" data-type=\"page\" data-id=\"1221\">Pflanzenwunder<\/a><\/p>\n\n\n\n<p><\/p>\n","protected":false},"excerpt":{"rendered":"<p>das WaldwunderTeam stellt sich vor Wir sind naturbegeisterte und abenteuerlustige Menschen. Die Arbeit mit Kindern und Jugendliche, sowie auch mit &hellip; <a href=\"https:\/\/www.waldwunderbern.ch\/?p=600\" class=\"more-link\"><span class=\"more-button\">Continue Reading<span class=\"screen-reader-text\">Team Waldwunder<\/span><\/span><\/a><\/p>\n","protected":false},"author":1,"featured_media":494,"parent":0,"menu_order":0,"comment_status":"closed","ping_status":"closed","template":"","meta":{"footnotes":""},"class_list":["post-57","page","type-page","status-publish","has-post-thumbnail","hentry"],"_links":{"self":[{"href":"https:\/\/www.waldwunderbern.ch\/index.php?rest_route=\/wp\/v2\/pages\/57","targetHints":{"allow":["GET"]}}],"collection":[{"href":"https:\/\/www.waldwunderbern.ch\/index.php?rest_route=\/wp\/v2\/pages"}],"about":[{"href":"https:\/\/www.waldwunderbern.ch\/index.php?rest_route=\/wp\/v2\/types\/page"}],"author":[{"embeddable":true,"href":"https:\/\/www.waldwunderbern.ch\/index.php?rest_route=\/wp\/v2\/users\/1"}],"replies":[{"embeddable":true,"href":"https:\/\/www.waldwunderbern.ch\/index.php?rest_route=%2Fwp%2Fv2%2Fcomments&post=57"}],"version-history":[{"count":58,"href":"https:\/\/www.waldwunderbern.ch\/index.php?rest_route=\/wp\/v2\/pages\/57\/revisions"}],"predecessor-version":[{"id":1313,"href":"https:\/\/www.waldwunderbern.ch\/index.php?rest_route=\/wp\/v2\/pages\/57\/revisions\/1313"}],"wp:featuredmedia":[{"embeddable":true,"href":"https:\/\/www.waldwunderbern.ch\/index.php?rest_route=\/wp\/v2\/media\/494"}],"wp:attachment":[{"href":"https:\/\/www.waldwunderbern.ch\/index.php?rest_route=%2Fwp%2Fv2%2Fmedia&parent=57"}],"curies":[{"name":"wp","href":"https:\/\/api.w.org\/{rel}","templated":true}]}}