{"id":56,"date":"2024-03-09T15:25:38","date_gmt":"2024-03-09T14:25:38","guid":{"rendered":"http:\/\/localhost\/?page_id=56"},"modified":"2026-04-14T12:47:10","modified_gmt":"2026-04-14T10:47:10","slug":"verein-waldwunder","status":"publish","type":"page","link":"https:\/\/www.waldwunderbern.ch\/?page_id=56","title":{"rendered":"Verein"},"content":{"rendered":"\n<div class=\"wp-block-columns alignwide has-black-color has-text-color has-link-color wp-elements-9e10d15d9db9d73fa3b18bd1c10164db is-layout-flex wp-container-core-columns-is-layout-9d6595d7 wp-block-columns-is-layout-flex\">\n<div class=\"wp-block-column is-layout-flow wp-block-column-is-layout-flow\" style=\"flex-basis:100%\">\n<h2 class=\"wp-block-heading\" style=\"font-size:28px\">unsere Ziele<\/h2>\n\n\n\n<p class=\"has-black-color has-text-color has-link-color wp-elements-71c44216fc92e51651ba3b14d431be82\" style=\"font-size:24px\">Der nicht gewinnorientierte Verein Waldwunder bietet f\u00fcr Kinder und Jugendliche naturp\u00e4dagogische Angebote im Raum Bern an. Dadurch werden folgende Pers\u00f6nlichkeitsmerkmale gest\u00e4rkt:<\/p>\n\n\n\n<div class=\"wp-block-columns is-layout-flex wp-container-core-columns-is-layout-9d6595d7 wp-block-columns-is-layout-flex\">\n<div class=\"wp-block-column is-layout-flow wp-block-column-is-layout-flow\"><div class=\"wp-block-image\">\n<figure class=\"aligncenter size-full is-resized\"><img src=\"https:\/\/www.waldwunderbern.ch\/wp-content\/uploads\/2024\/04\/Waldwunder13.png\" alt=\"\" class=\"wp-image-901\" style=\"width:373px;height:auto\"\/><\/figure>\n<\/div><\/div>\n\n\n\n<div class=\"wp-block-column is-layout-flow wp-block-column-is-layout-flow\"><div class=\"wp-block-image\">\n<figure class=\"aligncenter size-full is-resized\"><img src=\"https:\/\/www.waldwunderbern.ch\/wp-content\/uploads\/2024\/04\/Waldwunder12.png\" alt=\"\" class=\"wp-image-902\" style=\"width:382px;height:auto\"\/><\/figure>\n<\/div><\/div>\n\n\n\n<div class=\"wp-block-column is-layout-flow wp-block-column-is-layout-flow\"><div class=\"wp-block-image\">\n<figure class=\"aligncenter size-full is-resized\"><img src=\"https:\/\/www.waldwunderbern.ch\/wp-content\/uploads\/2024\/04\/Waldwunder14.png\" alt=\"\" class=\"wp-image-904\" style=\"width:391px;height:auto\"\/><\/figure>\n<\/div><\/div>\n<\/div>\n\n\n\n<h2 class=\"wp-block-heading\" style=\"font-size:28px\">Wie alles entstand<\/h2>\n\n\n\n<p style=\"font-size:24px\">Anna Moor und Leonie Ammann haben sich bei der Ausbildung zu Natur- und Wildnisp\u00e4dagogik der Naturschule Woniya kennengelernt. Nach Abschluss der Ausbildung hatten beide das Interesse ihr neu erlentes Wissen an Kindern weiterzugeben und ihnen Naturerfahrungen zu erm\u00f6glichen. <br>Folglich entstand im 2023 in Kehrsatz unter dem Projektname DusseGwunder ein naturp\u00e4dagogisches Sommerferienangebot und Mittwochnachmittagsangebot f\u00fcr Kinder zwischen 8 und 12 Jahren. Leonie und Anna haben zusammen entschieden das Projekt weiterzuf\u00fchren und sich neu als Verein zu organisieren. Im Februar 2024 haben sie folglich den nicht gewinnorientierten Verein Waldwunder gegr\u00fcndet.<\/p>\n\n\n\n<h2 class=\"wp-block-heading\" style=\"font-size:28px\">wie wir uns finanzieren<\/h2>\n\n\n\n<p class=\"has-black-color has-text-color has-link-color wp-elements-4eb67e11ef5ef6f1cf581252bf5c7956\" style=\"font-size:24px\">F\u00fcr die Angebote stellen wir bei Stiftungen F\u00f6rderantr\u00e4ge.\u00a0Dies erm\u00f6glicht uns die Angebote m\u00f6glichst kosteng\u00fcnstig anzubieten. Das Erleben in der Natur soll allen Kindern und Jugendlichen zur Verf\u00fcgung stehen, unabh\u00e4ngig der finanziellen Situation. <br>Im Jahr 2026 konnten wir folgende G\u00f6nner*innen gewinnen*:<\/p>\n\n\n\n<ul class=\"wp-block-list\">\n<li style=\"font-size:24px\">Stiftung B\u00e4rn f\u00e4gt<\/li>\n<\/ul>\n\n\n\n<p style=\"font-size:24px\">*Die Liste wird fortlaufend nach Best\u00e4tigung der Gesuche erweitert.<\/p>\n\n\n\n<p style=\"font-size:24px\">In diesem Sinne m\u00f6chten wir unseren G\u00f6nner*innen herzlich f\u00fcr die Unterst\u00fctzung und Erm\u00f6glichung unserer Angebote danken.<\/p>\n\n\n\n<h2 class=\"wp-block-heading\" style=\"font-size:28px\">Unterst\u00fctze uns<\/h2>\n\n\n\n<p style=\"font-size:24px\">M\u00f6chtest du den Verein Waldwunder pers\u00f6nlich unterst\u00fctzen? Dann kontaktiere uns \u00fcber waldwunderbern<strong>@<\/strong>gmail.com <a href=\"https:\/\/www.waldwunderbern.ch\/?page_id=774\" data-type=\"page\" data-id=\"774\">Kontakt<\/a><\/p>\n\n\n\n<h2 class=\"wp-block-heading\" style=\"font-size:28px\">Vereinsvorstand<\/h2>\n\n\n\n<p style=\"font-size:24px\">Leonie Ammann &#8211; Pr\u00e4sidentin<br>Anna Moor &#8211; Vorstandsmitglied<br>Cornelia Brun &#8211; Vorstandsmitglied<\/p>\n\n\n\n<h2 class=\"wp-block-heading\" style=\"font-size:28px\">Erfahre mehr \u00fcber unsere Angebote<\/h2>\n\n\n\n<p style=\"font-size:24px\"><a href=\"https:\/\/www.waldwunderbern.ch\/?page_id=1019\" data-type=\"page\" data-id=\"1019\">Auf den Spuren der Tiere<\/a><br><a href=\"https:\/\/www.waldwunderbern.ch\/?page_id=84\" data-type=\"page\" data-id=\"84\">M\u00e4dchengruppe Achillea<\/a><br><a href=\"https:\/\/www.waldwunderbern.ch\/?page_id=85\" data-type=\"page\" data-id=\"85\">Naturentdeckungstage<\/a><br><a href=\"https:\/\/www.waldwunderbern.ch\/?page_id=1221\" data-type=\"page\" data-id=\"1221\">Pflanzenwunder<\/a><\/p>\n<\/div>\n<\/div>\n","protected":false},"excerpt":{"rendered":"<p>unsere Ziele Der nicht gewinnorientierte Verein Waldwunder bietet f\u00fcr Kinder und Jugendliche naturp\u00e4dagogische Angebote im Raum Bern an. Dadurch werden &hellip; <a href=\"https:\/\/www.waldwunderbern.ch\/?page_id=56\" class=\"more-link\"><span class=\"more-button\">Continue Reading<span class=\"screen-reader-text\">Verein<\/span><\/span><\/a><\/p>\n","protected":false},"author":1,"featured_media":495,"parent":0,"menu_order":0,"comment_status":"closed","ping_status":"closed","template":"","meta":{"footnotes":""},"class_list":["post-56","page","type-page","status-publish","has-post-thumbnail","hentry"],"_links":{"self":[{"href":"https:\/\/www.waldwunderbern.ch\/index.php?rest_route=\/wp\/v2\/pages\/56","targetHints":{"allow":["GET"]}}],"collection":[{"href":"https:\/\/www.waldwunderbern.ch\/index.php?rest_route=\/wp\/v2\/pages"}],"about":[{"href":"https:\/\/www.waldwunderbern.ch\/index.php?rest_route=\/wp\/v2\/types\/page"}],"author":[{"embeddable":true,"href":"https:\/\/www.waldwunderbern.ch\/index.php?rest_route=\/wp\/v2\/users\/1"}],"replies":[{"embeddable":true,"href":"https:\/\/www.waldwunderbern.ch\/index.php?rest_route=%2Fwp%2Fv2%2Fcomments&post=56"}],"version-history":[{"count":74,"href":"https:\/\/www.waldwunderbern.ch\/index.php?rest_route=\/wp\/v2\/pages\/56\/revisions"}],"predecessor-version":[{"id":1336,"href":"https:\/\/www.waldwunderbern.ch\/index.php?rest_route=\/wp\/v2\/pages\/56\/revisions\/1336"}],"wp:featuredmedia":[{"embeddable":true,"href":"https:\/\/www.waldwunderbern.ch\/index.php?rest_route=\/wp\/v2\/media\/495"}],"wp:attachment":[{"href":"https:\/\/www.waldwunderbern.ch\/index.php?rest_route=%2Fwp%2Fv2%2Fmedia&parent=56"}],"curies":[{"name":"wp","href":"https:\/\/api.w.org\/{rel}","templated":true}]}}