{"id":1019,"date":"2025-01-29T12:35:35","date_gmt":"2025-01-29T11:35:35","guid":{"rendered":"https:\/\/www.waldwunderbern.ch\/?page_id=1019"},"modified":"2026-02-08T23:04:49","modified_gmt":"2026-02-08T22:04:49","slug":"auf-den-spuren-der-tiere","status":"publish","type":"page","link":"https:\/\/www.waldwunderbern.ch\/?page_id=1019","title":{"rendered":"Auf den Spuren der Tiere"},"content":{"rendered":"\n<h2 class=\"wp-block-heading\" style=\"font-size:28px\">Tierspuren entdecken &#8211; entdeckungstour im Wald und am Wasser &#8211;  Tiergeschichten &#8211; Gipsabdruck herstellen &amp; vieles mehr<\/h2>\n\n\n\n<div class=\"wp-block-columns is-layout-flex wp-container-core-columns-is-layout-9d6595d7 wp-block-columns-is-layout-flex\">\n<div class=\"wp-block-column is-layout-flow wp-block-column-is-layout-flow\" style=\"flex-basis:100%\"><div class=\"wp-block-image\">\n<figure class=\"alignright size-large is-resized\"><img loading=\"lazy\" width=\"1024\" height=\"768\" src=\"https:\/\/www.waldwunderbern.ch\/wp-content\/uploads\/2025\/01\/IMG_20230809_1110281-1-1024x768.jpg\" alt=\"\" class=\"wp-image-1036\" style=\"width:513px;height:auto\" srcset=\"https:\/\/www.waldwunderbern.ch\/wp-content\/uploads\/2025\/01\/IMG_20230809_1110281-1-1024x768.jpg 1024w, https:\/\/www.waldwunderbern.ch\/wp-content\/uploads\/2025\/01\/IMG_20230809_1110281-1-300x225.jpg 300w, https:\/\/www.waldwunderbern.ch\/wp-content\/uploads\/2025\/01\/IMG_20230809_1110281-1-768x576.jpg 768w, https:\/\/www.waldwunderbern.ch\/wp-content\/uploads\/2025\/01\/IMG_20230809_1110281-1-1536x1152.jpg 1536w, https:\/\/www.waldwunderbern.ch\/wp-content\/uploads\/2025\/01\/IMG_20230809_1110281-1-2048x1536.jpg 2048w, https:\/\/www.waldwunderbern.ch\/wp-content\/uploads\/2025\/01\/IMG_20230809_1110281-1-1890x1418.jpg 1890w, https:\/\/www.waldwunderbern.ch\/wp-content\/uploads\/2025\/01\/IMG_20230809_1110281-1-440x330.jpg 440w, https:\/\/www.waldwunderbern.ch\/wp-content\/uploads\/2025\/01\/IMG_20230809_1110281-1-730x547.jpg 730w, https:\/\/www.waldwunderbern.ch\/wp-content\/uploads\/2025\/01\/IMG_20230809_1110281-1-400x300.jpg 400w, https:\/\/www.waldwunderbern.ch\/wp-content\/uploads\/2025\/01\/IMG_20230809_1110281-1-800x600.jpg 800w\" sizes=\"auto, (max-width: 1024px) 100vw, 1024px\" \/><\/figure>\n<\/div>\n\n\n<p class=\"has-black-color has-text-color has-link-color wp-elements-be98888949fbd957424028b6b7c2bc38\" style=\"font-size:24px\">Komm mit uns auf eine Forschungstour der Tiere im Wald und am Wasser. Willst du mehr \u00fcber die heimischen Tiere lernen? Dann melde dich f\u00fcr das Herstferienangebot auf den Spuren der Tiere an.<\/p>\n\n\n\n<p class=\"has-black-color has-text-color has-link-color wp-elements-a1a2c333e39a0bc1c38c2395362dddf9\" style=\"font-size:24px\"><strong>Was dich erwartet<\/strong><br>Auf den Spuren der Tiere ist ein zweit\u00e4giges Freizeitangebot w\u00e4hrend den Herbstferien f\u00fcr Kinder zwischen 8 und 12 Jahren. Zusammen verbringen wir zwei Tage im Wald und am Wasser. Am ersten Tag gehen wir auf Entdeckungstour der Tiere im Wald, am zweiten Tag erkunden wir die Tiere an der Aare. Anhand der Tier- und Frassspuren erforschen wir, welche Tiere zuletzt vorbeigelaufen sind. Du kannst ein Forschungstagebuch f\u00fchren und sogar einen eigenen Gipsabdruck herstellen. <br>Auf den Spuren der Tiere findet w\u00e4hrend der zweiten Herbstferienwoche von Montag bis Dienstag jeweils von 09:00 &#8211; 17:00 statt.<\/p>\n<\/div>\n<\/div>\n\n\n\n<div class=\"wp-block-columns is-layout-flex wp-container-core-columns-is-layout-9d6595d7 wp-block-columns-is-layout-flex\">\n<div class=\"wp-block-column is-layout-flow wp-block-column-is-layout-flow\" style=\"flex-basis:100%\">\n<div class=\"wp-block-group is-nowrap is-layout-flex wp-container-core-group-is-layout-ad2f72ca wp-block-group-is-layout-flex\"><div class=\"wp-block-image\">\n<figure class=\"alignleft size-full is-resized\"><img loading=\"lazy\" width=\"960\" height=\"720\" src=\"https:\/\/www.waldwunderbern.ch\/wp-content\/uploads\/2025\/01\/IMG_20201025_205531_969-1-edited.jpg\" alt=\"\" class=\"wp-image-1041\" style=\"width:462px;height:auto\" srcset=\"https:\/\/www.waldwunderbern.ch\/wp-content\/uploads\/2025\/01\/IMG_20201025_205531_969-1-edited.jpg 960w, https:\/\/www.waldwunderbern.ch\/wp-content\/uploads\/2025\/01\/IMG_20201025_205531_969-1-edited-300x225.jpg 300w, https:\/\/www.waldwunderbern.ch\/wp-content\/uploads\/2025\/01\/IMG_20201025_205531_969-1-edited-768x576.jpg 768w, https:\/\/www.waldwunderbern.ch\/wp-content\/uploads\/2025\/01\/IMG_20201025_205531_969-1-edited-440x330.jpg 440w, https:\/\/www.waldwunderbern.ch\/wp-content\/uploads\/2025\/01\/IMG_20201025_205531_969-1-edited-730x547.jpg 730w, https:\/\/www.waldwunderbern.ch\/wp-content\/uploads\/2025\/01\/IMG_20201025_205531_969-1-edited-400x300.jpg 400w, https:\/\/www.waldwunderbern.ch\/wp-content\/uploads\/2025\/01\/IMG_20201025_205531_969-1-edited-800x600.jpg 800w\" sizes=\"auto, (max-width: 960px) 100vw, 960px\" \/><\/figure>\n<\/div>\n\n\n<p class=\"has-black-color has-text-color has-link-color wp-elements-621793c3a7a7ed54a9ba3129fa04f0f0\" style=\"font-size:24px\"><strong>Daten 2026<\/strong><br>28.09. &amp; 29.09.2026<br>jeweils 09:00 &#8211; 17:00 (ohne \u00dcbernachtung)<br><br><strong>Ort<\/strong><br>In der N\u00e4he von Kehrsatz b. Bern, der genaue Durchf\u00fchrungsort wird nach der Anmeldung mitgeteilt.<\/p>\n<\/div>\n<\/div>\n<\/div>\n\n\n\n<p class=\"has-black-color has-text-color has-link-color wp-elements-dfe742d97cbb18cfb15bf03c331d819e\" style=\"font-size:24px\"><strong>Preis<\/strong><br>Richtpreis: 40.- <br>Solipreis: 50.-<br><br>Es handelt sich hierbei um einen Richtpreis.<br>Es wird mit einer Anmeldung f\u00fcr alle zwei Tage ausgegangen.<\/p>\n\n\n\n<h2 class=\"wp-block-heading\" style=\"font-size:28px\">Anmeldung<\/h2>\n\n\n\n<p class=\"has-black-color has-text-color has-link-color wp-elements-9c526bb8fe70315ca8bc962b56365945\" style=\"font-size:24px\">Bitte melde dich direkt \u00fcber das Kontaktformular oder \u00fcber waldwunderbern@gmail.com an. <br>Auf den Spuren der Tiere findet ab 5 Anmeldungen statt und bestehen aus max. 16 Teilnehmer*innen.<\/p>\n\n\n<div class=\"wpforms-container wpforms-container-full wpforms-render-modern\" id=\"wpforms-1104\"><form id=\"wpforms-form-1104\" class=\"wpforms-validate wpforms-form wpforms-ajax-form\" data-formid=\"1104\" method=\"post\" enctype=\"multipart\/form-data\" action=\"\/index.php?rest_route=%2Fwp%2Fv2%2Fpages%2F1019\" data-token=\"54bcf9e1245f90fb03992675eee74f21\" data-token-time=\"1776762055\"><noscript class=\"wpforms-error-noscript\">Bitte aktivieren Sie JavaScript in Ihrem Browser, um dieses Formular fertigzustellen.<\/noscript><div class=\"wpforms-hidden\" id=\"wpforms-error-noscript\">Bitte aktivieren Sie JavaScript in Ihrem Browser, um dieses Formular fertigzustellen.<\/div><div class=\"wpforms-field-container\"><div id=\"wpforms-1104-field_1-container\" class=\"wpforms-field wpforms-field-name\" data-field-id=\"1\"><fieldset><legend class=\"wpforms-field-label\">Name <span class=\"wpforms-required-label\" aria-hidden=\"true\">*<\/span><\/legend><div class=\"wpforms-field-row wpforms-field-medium\"><div class=\"wpforms-field-row-block wpforms-first wpforms-one-half\"><input type=\"text\" id=\"wpforms-1104-field_1\" class=\"wpforms-field-name-first wpforms-field-required\" name=\"wpforms[fields][1][first]\" aria-errormessage=\"wpforms-1104-field_1-error\" required><label for=\"wpforms-1104-field_1\" class=\"wpforms-field-sublabel after\">Vorname<\/label><\/div><div class=\"wpforms-field-row-block wpforms-one-half\"><input type=\"text\" id=\"wpforms-1104-field_1-last\" class=\"wpforms-field-name-last wpforms-field-required\" name=\"wpforms[fields][1][last]\" aria-errormessage=\"wpforms-1104-field_1-last-error\" required><label for=\"wpforms-1104-field_1-last\" class=\"wpforms-field-sublabel after\">Nachname<\/label><\/div><\/div><\/fieldset><\/div><div id=\"wpforms-1104-field_2-container\" class=\"wpforms-field wpforms-field-email\" data-field-id=\"2\"><label class=\"wpforms-field-label\" for=\"wpforms-1104-field_2\">E-Mail <span class=\"wpforms-required-label\" aria-hidden=\"true\">*<\/span><\/label><input type=\"email\" id=\"wpforms-1104-field_2\" class=\"wpforms-field-medium wpforms-field-required\" name=\"wpforms[fields][2]\" spellcheck=\"false\" aria-errormessage=\"wpforms-1104-field_2-error\" required><\/div><div id=\"wpforms-1104-field_3-container\" class=\"wpforms-field wpforms-field-textarea\" data-field-id=\"3\"><label class=\"wpforms-field-label\" for=\"wpforms-1104-field_3\">Nachricht<\/label><textarea id=\"wpforms-1104-field_3\" class=\"wpforms-field-medium\" name=\"wpforms[fields][3]\" aria-errormessage=\"wpforms-1104-field_3-error\" ><\/textarea><\/div><\/div><!-- .wpforms-field-container --><div class=\"wpforms-submit-container\" ><input type=\"hidden\" name=\"wpforms[id]\" value=\"1104\"><input type=\"hidden\" name=\"page_title\" value=\"\"><input type=\"hidden\" name=\"page_url\" value=\"https:\/\/www.waldwunderbern.ch\/index.php?rest_route=\/wp\/v2\/pages\/1019\"><input type=\"hidden\" name=\"url_referer\" value=\"\"><button type=\"submit\" name=\"wpforms[submit]\" id=\"wpforms-submit-1104\" class=\"wpforms-submit\" data-alt-text=\"Senden\u2026\" data-submit-text=\"Absenden\" aria-live=\"assertive\" value=\"wpforms-submit\">Absenden<\/button><img loading=\"lazy\" src=\"https:\/\/www.waldwunderbern.ch\/wp-content\/plugins\/wpforms-lite\/assets\/images\/submit-spin.svg\" class=\"wpforms-submit-spinner\" style=\"display: none;\" width=\"26\" height=\"26\" alt=\"Wird geladen\"><\/div><\/form><\/div>  <!-- .wpforms-container -->\n\n\n\n<div class=\"wp-block-columns is-layout-flex wp-container-core-columns-is-layout-9d6595d7 wp-block-columns-is-layout-flex\">\n<div class=\"wp-block-column is-layout-flow wp-block-column-is-layout-flow\" style=\"flex-basis:100%\">\n<figure class=\"wp-block-gallery has-nested-images columns-default is-cropped wp-block-gallery-1 is-layout-flex wp-block-gallery-is-layout-flex\">\n<figure class=\"wp-block-image size-large\"><img loading=\"lazy\" width=\"724\" height=\"1024\" data-id=\"1214\" src=\"https:\/\/www.waldwunderbern.ch\/wp-content\/uploads\/2026\/02\/Tiere1-724x1024.jpg\" alt=\"\" class=\"wp-image-1214\" srcset=\"https:\/\/www.waldwunderbern.ch\/wp-content\/uploads\/2026\/02\/Tiere1-724x1024.jpg 724w, https:\/\/www.waldwunderbern.ch\/wp-content\/uploads\/2026\/02\/Tiere1-212x300.jpg 212w, https:\/\/www.waldwunderbern.ch\/wp-content\/uploads\/2026\/02\/Tiere1-768x1086.jpg 768w, https:\/\/www.waldwunderbern.ch\/wp-content\/uploads\/2026\/02\/Tiere1-1086x1536.jpg 1086w, https:\/\/www.waldwunderbern.ch\/wp-content\/uploads\/2026\/02\/Tiere1-400x566.jpg 400w, https:\/\/www.waldwunderbern.ch\/wp-content\/uploads\/2026\/02\/Tiere1-800x1132.jpg 800w, https:\/\/www.waldwunderbern.ch\/wp-content\/uploads\/2026\/02\/Tiere1.jpg 1414w\" sizes=\"auto, (max-width: 724px) 100vw, 724px\" \/><\/figure>\n\n\n\n<figure class=\"wp-block-image size-large\"><img loading=\"lazy\" width=\"724\" height=\"1024\" data-id=\"1215\" src=\"https:\/\/www.waldwunderbern.ch\/wp-content\/uploads\/2026\/02\/Tiere2-724x1024.jpg\" alt=\"\" class=\"wp-image-1215\" srcset=\"https:\/\/www.waldwunderbern.ch\/wp-content\/uploads\/2026\/02\/Tiere2-724x1024.jpg 724w, https:\/\/www.waldwunderbern.ch\/wp-content\/uploads\/2026\/02\/Tiere2-212x300.jpg 212w, https:\/\/www.waldwunderbern.ch\/wp-content\/uploads\/2026\/02\/Tiere2-768x1086.jpg 768w, https:\/\/www.waldwunderbern.ch\/wp-content\/uploads\/2026\/02\/Tiere2-1086x1536.jpg 1086w, https:\/\/www.waldwunderbern.ch\/wp-content\/uploads\/2026\/02\/Tiere2-400x566.jpg 400w, https:\/\/www.waldwunderbern.ch\/wp-content\/uploads\/2026\/02\/Tiere2-800x1132.jpg 800w, https:\/\/www.waldwunderbern.ch\/wp-content\/uploads\/2026\/02\/Tiere2.jpg 1414w\" sizes=\"auto, (max-width: 724px) 100vw, 724px\" \/><\/figure>\n<\/figure>\n<\/div>\n<\/div>\n\n\n\n<div class=\"wp-block-file\"><a href=\"https:\/\/www.waldwunderbern.ch\/wp-content\/uploads\/2026\/02\/Auf-den-Spuren-der-Tiere-4.pdf\" class=\"wp-block-file__button wp-element-button\" download>Flyer Herunterladen<\/a><\/div>\n\n\n\n<p class=\"has-black-color has-text-color has-link-color wp-elements-f149fbbfdc05746ec01dc511da3397bf\" style=\"font-size:24px\">Entdecke weitere Angebote von Waldwunder:<\/p>\n\n\n\n<p style=\"font-size:24px\"><a href=\"https:\/\/www.waldwunderbern.ch\/?page_id=84\" data-type=\"page\" data-id=\"84\">M\u00e4dchengruppe Achillea<\/a><br><a href=\"https:\/\/www.waldwunderbern.ch\/?page_id=85\" data-type=\"page\" data-id=\"85\">Naturentdeckungstage<\/a><br><a href=\"https:\/\/www.waldwunderbern.ch\/?page_id=1221\" data-type=\"page\" data-id=\"1221\">Pflanzenwunder<\/a><\/p>\n\n\n\n<p><\/p>\n","protected":false},"excerpt":{"rendered":"<p>Tierspuren entdecken &#8211; entdeckungstour im Wald und am Wasser &#8211; Tiergeschichten &#8211; Gipsabdruck herstellen &amp; vieles mehr Komm mit uns &hellip; <a href=\"https:\/\/www.waldwunderbern.ch\/?page_id=1019\" class=\"more-link\"><span class=\"more-button\">Continue Reading<span class=\"screen-reader-text\">Auf den Spuren der Tiere<\/span><\/span><\/a><\/p>\n","protected":false},"author":1,"featured_media":962,"parent":0,"menu_order":0,"comment_status":"closed","ping_status":"closed","template":"","meta":{"footnotes":""},"class_list":["post-1019","page","type-page","status-publish","has-post-thumbnail","hentry"],"_links":{"self":[{"href":"https:\/\/www.waldwunderbern.ch\/index.php?rest_route=\/wp\/v2\/pages\/1019","targetHints":{"allow":["GET"]}}],"collection":[{"href":"https:\/\/www.waldwunderbern.ch\/index.php?rest_route=\/wp\/v2\/pages"}],"about":[{"href":"https:\/\/www.waldwunderbern.ch\/index.php?rest_route=\/wp\/v2\/types\/page"}],"author":[{"embeddable":true,"href":"https:\/\/www.waldwunderbern.ch\/index.php?rest_route=\/wp\/v2\/users\/1"}],"replies":[{"embeddable":true,"href":"https:\/\/www.waldwunderbern.ch\/index.php?rest_route=%2Fwp%2Fv2%2Fcomments&post=1019"}],"version-history":[{"count":24,"href":"https:\/\/www.waldwunderbern.ch\/index.php?rest_route=\/wp\/v2\/pages\/1019\/revisions"}],"predecessor-version":[{"id":1308,"href":"https:\/\/www.waldwunderbern.ch\/index.php?rest_route=\/wp\/v2\/pages\/1019\/revisions\/1308"}],"wp:featuredmedia":[{"embeddable":true,"href":"https:\/\/www.waldwunderbern.ch\/index.php?rest_route=\/wp\/v2\/media\/962"}],"wp:attachment":[{"href":"https:\/\/www.waldwunderbern.ch\/index.php?rest_route=%2Fwp%2Fv2%2Fmedia&parent=1019"}],"curies":[{"name":"wp","href":"https:\/\/api.w.org\/{rel}","templated":true}]}}